{"id":1578,"date":"2025-05-09T14:20:13","date_gmt":"2025-05-09T14:20:13","guid":{"rendered":"https:\/\/farmeasy.lt\/learning-center\/datavaxt\/"},"modified":"2025-06-20T07:47:05","modified_gmt":"2025-06-20T07:47:05","slug":"datavaxt","status":"publish","type":"page","link":"https:\/\/farmeasy.lt\/en\/learning-center\/datavaxt\/","title":{"rendered":"Datav\u00e4xt"},"content":{"rendered":"<div class=\"wpb-content-wrapper\"><p>[vc_row nav_skin=&#8221;light&#8221; consent_include=&#8221;include&#8221; el_design=&#8221;{&#8220;tablet_landscape&#8220;:{&#8220;padding-top&#8220;:&#8220;80&#8220;},&#8220;desktop&#8220;:{&#8220;padding-top&#8220;:&#8220;120&#8220;,&#8220;padding-bottom&#8220;:&#8220;120&#8220;}}&#8221; font_color=&#8221;{&#8220;id&#8220;:&#8220;Dark color&#8220;,&#8220;color&#8220;:&#8220;#515151&#8220;}&#8221;][vc_column el_design=&#8221;{&#8220;desktop&#8220;:{&#8220;padding-top&#8220;:&#8220;15&#8220;,&#8220;padding-right&#8220;:&#8220;15&#8220;,&#8220;padding-bottom&#8220;:&#8220;15&#8220;,&#8220;padding-left&#8220;:&#8220;15&#8220;}}&#8221; css_animation=&#8221;&#8221;][vc_button_link title=&#8221;go back&#8221; link_arrow=&#8221;arrow_left&#8221; size=&#8221;5&#8243; display=&#8221;display_block&#8221; css_animation=&#8221;&#8221; link=&#8221;url:%2Fen%2Flearning-center%2F&#8221; link_color=&#8221;{&#8220;id&#8220;:&#8220;Light text color&#8220;,&#8220;color&#8220;:&#8220;#bbc2ce&#8220;}&#8221;][vc_heading heading_text=&#8221;Datav\u00e4xt&#8221; heading_wrapper=&#8221;h1&#8243; heading_color=&#8221;{&#8220;solid&#8220;:{&#8220;id&#8220;:&#8220;Main accent color&#8220;,&#8220;color&#8220;:&#8220;#b68741&#8220;}}&#8221; heading_typography=&#8221;{&#8220;font_family&#8220;:&#8220;99519423&#8220;,&#8220;variants&#8220;:&#8220;500&#8220;,&#8220;subsets&#8220;:&#8220;cyrillic&#8220;,&#8220;letter_spacing&#8220;:&#8220;-1px&#8220;}&#8221; css_animation=&#8221;&#8221;][\/vc_column][vc_column css_animation=&#8221;&#8221;][vc_custom_tour style=&#8221;style_3&#8243; fixed_width=&#8221;0&#8243; skin=&#8221;light&#8221; scheme=&#8221;default&#8221; title_wrapper=&#8221;div&#8221; title_typography=&#8221;{&#8220;font_family&#8220;:&#8220;92606057&#8220;,&#8220;variants&#8220;:&#8220;500&#8220;,&#8220;subsets&#8220;:&#8220;cyrillic&#8220;,&#8220;font_size&#8220;:&#8220;16px&#8220;}&#8221; mobile=&#8221;tablet_landscape&#8221; tab_animation=&#8221;default&#8221; css_animation=&#8221;&#8221;][vc_custom_tab title=&#8221;Datav\u00e4xt&#8221; tab_id=&#8221;datavaxt&#8221;][vc_text_element css_animation=&#8221;&#8221; color=&#8221;{&#8220;id&#8220;:&#8220;Dark color&#8220;,&#8220;color&#8220;:&#8220;#515151&#8220;}&#8221;]<strong>What is Datav\u00e4xt<\/strong><\/p>\n<p>Datavatavax is a Swedish technology company based in Gr\u00e4storp, specialising in precision agriculture solutions. Founded in 1996, the company offers a range of software tools and equipment for crop production, from crop planning and GPS tracking to field drainage solutions and automated management systems. &#8220;Datavaxt works with companies such as Trimble and Yara to provide advanced technology and high quality services.[\/vc_text_element][vc_scape_video_player style=&#8221;default&#8221; skin=&#8221;light&#8221; hover=&#8221;&#8221; radius=&#8221;8&#8243; media=&#8221;youtube&#8221; youtube=&#8221;hGRh6u2ktTw&#8221; poster=&#8221;482&#8243; preloader=&#8221;&#8221; css_animation=&#8221;&#8221;][\/vc_custom_tab][vc_custom_tab title=&#8221;Modules&#8221; tab_id=&#8221;Modules&#8221;][vc_text_element css_animation=&#8221;&#8221;]Modules<\/p>\n<p>Datav\u00e4xt is a modular farm management system where each module is independent but integrated with the others.<\/p>\n<p>[\/vc_text_element][vc_image_element image=&#8221;972&#8243; alignment=&#8221;left&#8221; preloader=&#8221;&#8221; css_animation=&#8221;&#8221; max_width=&#8221;300&#8243;][vc_text_element css_animation=&#8221;&#8221;]Centralised data management and planning<\/p>\n<p>[\/vc_text_element][vc_image_element image=&#8221;973&#8243; alignment=&#8221;left&#8221; preloader=&#8221;&#8221; css_animation=&#8221;&#8221; max_width=&#8221;300&#8243;][vc_text_element css_animation=&#8221;&#8221;]Field analysis, variable rate fertilisation<\/p>\n<p>[\/vc_text_element][vc_image_element image=&#8221;974&#8243; alignment=&#8221;left&#8221; preloader=&#8221;&#8221; css_animation=&#8221;&#8221; max_width=&#8221;300&#8243;][vc_text_element css_animation=&#8221;&#8221;]Satellite images, biomass indices<\/p>\n<p>[\/vc_text_element][vc_image_element image=&#8221;975&#8243; alignment=&#8221;left&#8221; preloader=&#8221;&#8221; css_animation=&#8221;&#8221; max_width=&#8221;300&#8243;][vc_text_element css_animation=&#8221;&#8221;]Fleet management[\/vc_text_element][vc_message_box style=&#8221;style_modern&#8221; type=&#8221;informational&#8221; radius=&#8221;6&#8243; show_icon=&#8221;yes&#8221; show_dismiss=&#8221;yes&#8221; css_animation=&#8221;&#8221; icon=&#8221;&#8221;]CropPLAN will have a functional update: Integration with PPSI (Q3-4 2025)[\/vc_message_box][\/vc_custom_tab][vc_custom_tab title=&#8221;Functions&#8221; tab_id=&#8221;Functions&#8221;][vc_text_element css_animation=&#8221;&#8221;]<strong>Functions<\/strong><\/p>\n<p>All 4 modules provide different but interlinked functionalities.<\/p>\n<p><strong>CropPLAN<\/strong><\/p>\n<ul>\n<li>Technology, work planning and recording<\/li>\n<li>Electronic spray log, write-offs<\/li>\n<li>Automated accounting and reporting<\/li>\n<li>Warehouse accounting<\/li>\n<li>Fertiliser recommendations and nutrient calculator<\/li>\n<\/ul>\n<p><strong>CropMAP<\/strong><\/p>\n<ul>\n<li>Generation of variable rate fertilisation maps (P, K) using soil surveys, yield maps, etc.<\/li>\n<li>Visualisation of field data<\/li>\n<li>Field analysis<\/li>\n<\/ul>\n<p><strong>CropSAT<\/strong><\/p>\n<ul>\n<li>Viewing satellite images<\/li>\n<li>Field biomass index (NDVI)<\/li>\n<li>Variable rate nitrogen fertilisation maps<\/li>\n<li>Variable rate fertilisation maps<\/li>\n<\/ul>\n<p><strong>LogMASTER<\/strong><\/p>\n<ul>\n<li>Fleet management<\/li>\n<li>Fuel and time tracking<\/li>\n<li>Technique, route tracking<\/li>\n<li>Technique work logging<\/li>\n<li>Technique rental accounting<\/li>\n<\/ul>\n<p>[\/vc_text_element][\/vc_custom_tab][vc_custom_tab title=&#8221;Data trasnfer&#8221; tab_id=&#8221;Data-transfer&#8221;][vc_text_element css_animation=&#8221;&#8221;]<strong>Data transfer<\/strong><\/p>\n<p>The FarmEasy team is ready to help you to link or migrate data from other systems, upon your request.<\/p>\n<p><strong>Data sharing and disclosure<\/strong><\/p>\n<p>&#8220;Datav\u00e4xt has a strict policy on the disclosure of personal data:<\/p>\n<ul>\n<li><strong>Service providers:<\/strong> Datav\u00e4xt may use external service providers who act on their behalf &#8211; for example, for IT services, marketing support, data analysis or statistics. These companies must sign contracts with Datav\u00e4xt that ensure a high level of protection for your personal data.<\/li>\n<li><strong>At your request<\/strong>, Datav\u00e4xt may export your data to third parties such as Lantm\u00e4nnen Ekonomisk F\u00f6rening or Felleskj\u00f8pet AS. Data will never be transferred without your explicit consent.<\/li>\n<li><strong>Legal requirements:<\/strong> Datav\u00e4xt may disclose personal data to third parties where required by law, regulation or governmental decision.<\/li>\n<\/ul>\n<p>[\/vc_text_element][\/vc_custom_tab][vc_custom_tab title=&#8221;Data security&#8221; tab_id=&#8221;Data-security&#8221;][vc_text_element css_animation=&#8221;&#8221;]<strong>Data security when storing data with Datav\u00e4xt<\/strong><\/p>\n<p>&#8220;Datav\u00e4xt AB takes data security very seriously and uses a variety of measures to protect the personal data stored on their systems. Acting as a data controller, the company processes personal data in compliance with applicable data protection legislation, in particular the General Data Protection Regulation (GDPR) in the European Union\/European Economic Area.[\/vc_text_element][vc_image_element image=&#8221;966&#8243; alignment=&#8221;&#8221; preloader=&#8221;&#8221; css_animation=&#8221;&#8221; max_width=&#8221;400&#8243;][\/vc_custom_tab][\/vc_custom_tour][\/vc_column][\/vc_row]<\/p>\n<\/div>","protected":false},"excerpt":{"rendered":"<p>[vc_row nav_skin=&#8221;light&#8221; consent_include=&#8221;include&#8221; el_design=&#8221;{&#8220;tablet_landscape&#8220;:{&#8220;padding-top&#8220;:&#8220;80&#8220;},&#8220;desktop&#8220;:{&#8220;padding-top&#8220;:&#8220;120&#8220;,&#8220;padding-bottom&#8220;:&#8220;120&#8220;}}&#8221; font_color=&#8221;{&#8220;id&#8220;:&#8220;Dark color&#8220;,&#8220;color&#8220;:&#8220;#515151&#8220;}&#8221;][vc_column el_design=&#8221;{&#8220;desktop&#8220;:{&#8220;padding-top&#8220;:&#8220;15&#8220;,&#8220;padding-right&#8220;:&#8220;15&#8220;,&#8220;padding-bottom&#8220;:&#8220;15&#8220;,&#8220;padding-left&#8220;:&#8220;15&#8220;}}&#8221; css_animation=&#8221;&#8221;][vc_button_link title=&#8221;go back&#8221; link_arrow=&#8221;arrow_left&#8221; size=&#8221;5&#8243; display=&#8221;display_block&#8221; css_animation=&#8221;&#8221; link=&#8221;url:%2Fen%2Flearning-center%2F&#8221; link_color=&#8221;{&#8220;id&#8220;:&#8220;Light text color&#8220;,&#8220;color&#8220;:&#8220;#bbc2ce&#8220;}&#8221;][vc_heading heading_text=&#8221;Datav\u00e4xt&#8221; heading_wrapper=&#8221;h1&#8243; heading_color=&#8221;{&#8220;solid&#8220;:{&#8220;id&#8220;:&#8220;Main accent color&#8220;,&#8220;color&#8220;:&#8220;#b68741&#8220;}}&#8221; heading_typography=&#8221;{&#8220;font_family&#8220;:&#8220;99519423&#8220;,&#8220;variants&#8220;:&#8220;500&#8220;,&#8220;subsets&#8220;:&#8220;cyrillic&#8220;,&#8220;letter_spacing&#8220;:&#8220;-1px&#8220;}&#8221; css_animation=&#8221;&#8221;][\/vc_column][vc_column css_animation=&#8221;&#8221;][vc_custom_tour style=&#8221;style_3&#8243; fixed_width=&#8221;0&#8243; skin=&#8221;light&#8221; scheme=&#8221;default&#8221; title_wrapper=&#8221;div&#8221; title_typography=&#8221;{&#8220;font_family&#8220;:&#8220;92606057&#8220;,&#8220;variants&#8220;:&#8220;500&#8220;,&#8220;subsets&#8220;:&#8220;cyrillic&#8220;,&#8220;font_size&#8220;:&#8220;16px&#8220;}&#8221; mobile=&#8221;tablet_landscape&#8221; tab_animation=&#8221;default&#8221; css_animation=&#8221;&#8221;][vc_custom_tab title=&#8221;Datav\u00e4xt&#8221; tab_id=&#8221;datavaxt&#8221;][vc_text_element css_animation=&#8221;&#8221; color=&#8221;{&#8220;id&#8220;:&#8220;Dark color&#8220;,&#8220;color&#8220;:&#8220;#515151&#8220;}&#8221;]What is Datav\u00e4xt Datavatavax is a Swedish technology company based in Gr\u00e4storp, specialising in precision agriculture solutions. Founded in 1996, the company offers a range of software tools and equipment for crop production, from crop planning [&hellip;]<\/p>\n","protected":false},"author":1,"featured_media":0,"parent":1350,"menu_order":0,"comment_status":"closed","ping_status":"closed","template":"","meta":{"_acf_changed":false,"footnotes":""},"class_list":["post-1578","page","type-page","status-publish","hentry"],"acf":[],"_links":{"self":[{"href":"https:\/\/farmeasy.lt\/en\/wp-json\/wp\/v2\/pages\/1578","targetHints":{"allow":["GET"]}}],"collection":[{"href":"https:\/\/farmeasy.lt\/en\/wp-json\/wp\/v2\/pages"}],"about":[{"href":"https:\/\/farmeasy.lt\/en\/wp-json\/wp\/v2\/types\/page"}],"author":[{"embeddable":true,"href":"https:\/\/farmeasy.lt\/en\/wp-json\/wp\/v2\/users\/1"}],"replies":[{"embeddable":true,"href":"https:\/\/farmeasy.lt\/en\/wp-json\/wp\/v2\/comments?post=1578"}],"version-history":[{"count":1,"href":"https:\/\/farmeasy.lt\/en\/wp-json\/wp\/v2\/pages\/1578\/revisions"}],"predecessor-version":[{"id":1579,"href":"https:\/\/farmeasy.lt\/en\/wp-json\/wp\/v2\/pages\/1578\/revisions\/1579"}],"up":[{"embeddable":true,"href":"https:\/\/farmeasy.lt\/en\/wp-json\/wp\/v2\/pages\/1350"}],"wp:attachment":[{"href":"https:\/\/farmeasy.lt\/en\/wp-json\/wp\/v2\/media?parent=1578"}],"curies":[{"name":"wp","href":"https:\/\/api.w.org\/{rel}","templated":true}]}}